{"id":108,"date":"2016-10-17T17:24:17","date_gmt":"2016-10-17T17:24:17","guid":{"rendered":"http:\/\/www.newfoundly.it\/centro_cinofilo\/?page_id=108"},"modified":"2016-10-17T17:24:17","modified_gmt":"2016-10-17T17:24:17","slug":"formatore-cinofilo-certificato","status":"publish","type":"page","link":"https:\/\/www.newfoundly.it\/centro_cinofilo\/formatore-cinofilo-certificato\/","title":{"rendered":"Formatore Cinofilo Certificato"},"content":{"rendered":"<p style=\"text-align: center;\"><img loading=\"lazy\" decoding=\"async\" data-attachment-id=\"109\" data-permalink=\"https:\/\/www.newfoundly.it\/centro_cinofilo\/formatore-cinofilo-certificato\/logo-1-2\/\" data-orig-file=\"https:\/\/www.newfoundly.it\/centro_cinofilo\/wp-content\/uploads\/2016\/10\/LOGO-1-2.png\" data-orig-size=\"595,235\" data-comments-opened=\"0\" data-image-meta=\"{&quot;aperture&quot;:&quot;0&quot;,&quot;credit&quot;:&quot;&quot;,&quot;camera&quot;:&quot;&quot;,&quot;caption&quot;:&quot;&quot;,&quot;created_timestamp&quot;:&quot;0&quot;,&quot;copyright&quot;:&quot;&quot;,&quot;focal_length&quot;:&quot;0&quot;,&quot;iso&quot;:&quot;0&quot;,&quot;shutter_speed&quot;:&quot;0&quot;,&quot;title&quot;:&quot;&quot;,&quot;orientation&quot;:&quot;0&quot;}\" data-image-title=\"logo-1-2\" data-image-description=\"\" data-image-caption=\"\" data-medium-file=\"https:\/\/www.newfoundly.it\/centro_cinofilo\/wp-content\/uploads\/2016\/10\/LOGO-1-2-300x118.png\" data-large-file=\"https:\/\/www.newfoundly.it\/centro_cinofilo\/wp-content\/uploads\/2016\/10\/LOGO-1-2.png\" class=\"aligncenter size-full wp-image-109\" src=\"https:\/\/www.newfoundly.it\/centro_cinofilo\/wp-content\/uploads\/2016\/10\/LOGO-1-2.png\" alt=\"logo-1-2\" width=\"595\" height=\"235\" srcset=\"https:\/\/www.newfoundly.it\/centro_cinofilo\/wp-content\/uploads\/2016\/10\/LOGO-1-2.png 595w, https:\/\/www.newfoundly.it\/centro_cinofilo\/wp-content\/uploads\/2016\/10\/LOGO-1-2-300x118.png 300w, https:\/\/www.newfoundly.it\/centro_cinofilo\/wp-content\/uploads\/2016\/10\/LOGO-1-2-200x79.png 200w\" sizes=\"auto, (max-width: 595px) 100vw, 595px\" \/><\/p>\n<p><strong>Alessandro Semplici \u00e8 certificato da F.C.C. , l&#8217;unico organismo di certificazione nel settore cinofilo in Europa.<\/strong><\/p>\n<p>La sua attivit\u00e0 principale \u00e8 quella di rilasciare certificazioni delle competenze a chi opera nel settore e che possiede la qualifica di addestratore, istruttore e educatore cinofilo.<\/p>\n<p>La certificazione rilasciata da un ente terzo, indipendente e privo di conflitti di interesse stabilisce che il certificato abbia competenze, conoscenze e abilit\u00e0 per operare con professionalit\u00e0 nel mercato garantendo certezza nella prestazione, garanzie per il consumatore e tutela del benessere animale.<\/p>\n<p>Inoltre, si differenzia dalle attestazioni di qualifica rilasciate dalle associazioni che hanno validit\u00e0 esclusivamente a livello associativo e in ambito nazionale.<\/p>\n<p>La certificazione F.C.C. \u00e8 rilasciata in conformit\u00e0 al CWA 16979 &#8220;<em><strong>Dog training professional &#8211; competence and skills requirements<\/strong><\/em>&#8221; che rappresenta il documento normativo di regolamentazione e standardizzazione del settore pubblicato dal CEN il 20 gennaio 2016, del quale F.C.C. \u00e8 stata il promotore e ha detenuto la presidenza del tavolo europeo.<\/p>\n<p>Il CWA 16979 nasce proprio per coprire dei gap legislativi e ha funzione di co-regolamentazione. Si ricorda che \u00e8 la stessa Unione europea a promuove la normazione soprattutto nell&#8217;ambito dei servizi e di tutte quelle professioni che non sono regolamentate e che, quindi, non posseggono un ordine o un albo. Il CWA, pertanto, diventa uno strumento importante per essere speso in primis dallo Stato, dalle Regioni e dagli Enti locali, dalle associazioni, dai singoli professionisti e, da ultimo, dal cliente\/consumatore.<\/p>\n<p>Attraverso la certificazione F.C.C., il professionista si dota di una carta di identit\u00e0 che gli permette di operare su tutto il territorio europeo, di essere competitivo sul mercato e di avere una via preferenziale nei confronti delle Regioni, enti locali e asl di riferimento per quanto attiene a eventuali gare d&#8217;appalto e\/o incarichi.<\/p>\n<p>Di fatto con la certificazione F.C.C., la spendibilit\u00e0 della propria professione \u00e8 totale e permette al professionista un riconoscimento a livello europeo.<\/p>\n","protected":false},"excerpt":{"rendered":"<p>Alessandro Semplici \u00e8 certificato da F.C.C. , l&#8217;unico organismo di certificazione nel settore cinofilo in Europa. La sua attivit\u00e0 principale \u00e8 quella di rilasciare certificazioni delle competenze a chi opera nel settore e che possiede la qualifica di addestratore, istruttore e educatore cinofilo. La certificazione rilasciata da un ente terzo, indipendente e privo di conflitti [&hellip;]<\/p>\n","protected":false},"author":1,"featured_media":0,"parent":0,"menu_order":0,"comment_status":"closed","ping_status":"closed","template":"","meta":{"jetpack_post_was_ever_published":false,"footnotes":""},"class_list":["post-108","page","type-page","status-publish","hentry","clearfix"],"jetpack_sharing_enabled":true,"jetpack_shortlink":"https:\/\/wp.me\/P7McOc-1K","jetpack-related-posts":[],"_links":{"self":[{"href":"https:\/\/www.newfoundly.it\/centro_cinofilo\/wp-json\/wp\/v2\/pages\/108","targetHints":{"allow":["GET"]}}],"collection":[{"href":"https:\/\/www.newfoundly.it\/centro_cinofilo\/wp-json\/wp\/v2\/pages"}],"about":[{"href":"https:\/\/www.newfoundly.it\/centro_cinofilo\/wp-json\/wp\/v2\/types\/page"}],"author":[{"embeddable":true,"href":"https:\/\/www.newfoundly.it\/centro_cinofilo\/wp-json\/wp\/v2\/users\/1"}],"replies":[{"embeddable":true,"href":"https:\/\/www.newfoundly.it\/centro_cinofilo\/wp-json\/wp\/v2\/comments?post=108"}],"version-history":[{"count":1,"href":"https:\/\/www.newfoundly.it\/centro_cinofilo\/wp-json\/wp\/v2\/pages\/108\/revisions"}],"predecessor-version":[{"id":110,"href":"https:\/\/www.newfoundly.it\/centro_cinofilo\/wp-json\/wp\/v2\/pages\/108\/revisions\/110"}],"wp:attachment":[{"href":"https:\/\/www.newfoundly.it\/centro_cinofilo\/wp-json\/wp\/v2\/media?parent=108"}],"curies":[{"name":"wp","href":"https:\/\/api.w.org\/{rel}","templated":true}]}}