{"id":11,"date":"2016-08-03T10:53:07","date_gmt":"2016-08-03T10:53:07","guid":{"rendered":"http:\/\/www.newfoundly.it\/centro_cinofilo\/?page_id=11"},"modified":"2026-04-05T08:29:30","modified_gmt":"2026-04-05T08:29:30","slug":"staff","status":"publish","type":"page","link":"https:\/\/www.newfoundly.it\/centro_cinofilo\/staff\/","title":{"rendered":"Staff"},"content":{"rendered":"<blockquote><p><strong><img loading=\"lazy\" decoding=\"async\" data-attachment-id=\"12\" data-permalink=\"https:\/\/www.newfoundly.it\/centro_cinofilo\/staff\/10007426_10203723498953666_285104251_n\/\" data-orig-file=\"https:\/\/www.newfoundly.it\/centro_cinofilo\/wp-content\/uploads\/2016\/08\/10007426_10203723498953666_285104251_n.jpg\" data-orig-size=\"640,960\" data-comments-opened=\"1\" data-image-meta=\"{&quot;aperture&quot;:&quot;0&quot;,&quot;credit&quot;:&quot;Ruggero Pellegrin&quot;,&quot;camera&quot;:&quot;&quot;,&quot;caption&quot;:&quot;&quot;,&quot;created_timestamp&quot;:&quot;0&quot;,&quot;copyright&quot;:&quot;&quot;,&quot;focal_length&quot;:&quot;0&quot;,&quot;iso&quot;:&quot;0&quot;,&quot;shutter_speed&quot;:&quot;0&quot;,&quot;title&quot;:&quot;&quot;,&quot;orientation&quot;:&quot;0&quot;}\" data-image-title=\"10007426_10203723498953666_285104251_n\" data-image-description=\"\" data-image-caption=\"\" data-medium-file=\"https:\/\/www.newfoundly.it\/centro_cinofilo\/wp-content\/uploads\/2016\/08\/10007426_10203723498953666_285104251_n-200x300.jpg\" data-large-file=\"https:\/\/www.newfoundly.it\/centro_cinofilo\/wp-content\/uploads\/2016\/08\/10007426_10203723498953666_285104251_n.jpg\" class=\"size-medium wp-image-12 alignleft\" src=\"https:\/\/www.newfoundly.it\/centro_cinofilo\/wp-content\/uploads\/2016\/08\/10007426_10203723498953666_285104251_n-200x300.jpg\" alt=\"10007426_10203723498953666_285104251_n\" width=\"200\" height=\"300\" srcset=\"https:\/\/www.newfoundly.it\/centro_cinofilo\/wp-content\/uploads\/2016\/08\/10007426_10203723498953666_285104251_n-200x300.jpg 200w, https:\/\/www.newfoundly.it\/centro_cinofilo\/wp-content\/uploads\/2016\/08\/10007426_10203723498953666_285104251_n.jpg 640w\" sizes=\"auto, (max-width: 200px) 100vw, 200px\" \/><span style=\"text-decoration: underline;\">Alessandro Semplici:<\/span><\/strong> Presidente dell\u2019associazione, \u00e8 istruttore brevettato AiCS Cinofilia.\u00a0 In passato \u00e8 stato pi\u00f9 volte responsabile responsabile provinciale del settore cinofilia del Comitato Prov.le AiCS di Grosseto in cui, da Ottobre 2020 a Dicembre 2024, ha ricoperto la carica di Vice Presidente. <strong>Nel Gennaio 2025 \u00e8 stato eletto Presidente del suddetto comitato.<\/strong><\/p><\/blockquote>\n<p>E\u2019 iscritto all\u2019<strong>Albo Tecnico del Settore Nazionale Cinofilia AICS<\/strong><\/p>\n<p>E\u2019 <strong>istruttore per le unit\u00e0 cinofile da salvataggio<\/strong> della Societ\u00e0 Naz.le Salvamento \u2013 Protezione Civile ed unit\u00e0 cinofila da salvataggio operativa.<\/p>\n<p>E\u2019 <strong>operatore in IAA<\/strong> (Pet Therapy) abilitato secondo le linee guida 2015 emanate dal Ministero della Salute ed iscritto presso l&#8217;elenco nazionale IAA (<a href=\"https:\/\/digitalpet.it\/operatori\/dettaglio?id=2595\" target=\"_blank\" rel=\"noopener noreferrer\">vedi registrazione<\/a>)<\/p>\n<p>Abilitato da FCC come <a href=\"https:\/\/www.newfoundly.it\/centro_cinofilo\/formatore-cinofilo-certificato\/\" target=\"_blank\" rel=\"noopener noreferrer\"><strong>formatore cinofilo certificato<\/strong><\/a> in conformit\u00e0 alla legge 4\/2013 e alle norme europee CWA 16520:2012 e ISO\/IEC 17024 \u201cConformity assessment- General requirements for bodies operating certification of Persons\u201d. Un Formatore Cinofilo Certificato \u00e8 un professionista che, oltre alla competenza, deve necessariamente offrire correttezza, indipendenza, imparzialit\u00e0, capacit\u00e0 organizzativa, standard elevati di qualit\u00e0. \u00c8 un esperto che, proprio perch\u00e9 periodicamente controllato, pu\u00f2 definirsi esente da errori e scarsa professionalit\u00e0.<\/p>\n<p>Da novembre 2020, \u00e8 abilitato come <strong>Tecnico in Nutrizione e Dietetica Veterinaria<\/strong> presso Esneca Business School di Lleida (Spagna), istituto di formazione professionale accreditato dalle pi\u00f9 importanti agenzie di certificazione ed universit\u00e0 iberiche.<\/p>\n<p>Autore dei libri \u201c<strong>Un cucciolo in arrivo<\/strong>\u201d, \u201c<strong>Terranova, il gigante buono<\/strong>\u201d, <strong>Il grande cuore del Terranova<\/strong>&#8221; e &#8220;<strong>Oltre le onde, oltre il guinzaglio<\/strong> &#8221;<\/p>\n<p>A Maggio 2024 ha ottenuto il diploma riconosciuto AiCS &#8211; CONI di <em><strong>OPERATORE SPORTIVO DI BASE &#8211; attivit\u00e0 sportiva ginnastica finalizzata alla salute e fitness<\/strong><\/em><\/p>\n<p><strong><span style=\"text-decoration: underline;\">Igor Minghetti:<\/span><\/strong> educatore cinofilo AiCS, unit\u00e0 cinofila da salvataggio operativa della Societ\u00e0 Naz.le Salvamento \u2013 Protezione Civile<\/p>\n<p><strong><span style=\"text-decoration: underline;\">Samanta Giusti<\/span>:<\/strong> educatrice cinofila AiCS , operatrice in IAA (pet therapy), operatrice olistica AiCS specializzata in trattamenti per animali, operatrice sportiva di base. Laureanda in psicologia presso l&#8217; universit\u00e0 di Perugia. <strong>Da gennaio 2025 \u00e8 responsabile nazionale AiCS Cinofilia &#8211; settore IAA<\/strong><\/p>\n<p><strong><span style=\"text-decoration: underline;\">Silvia Semplici<\/span>:<\/strong> educatrice cinofila AiCS \/ dog sitter qualificata AiCS<\/p>\n<p><strong><span style=\"text-decoration: underline;\">Lara Calcagno<\/span>:<\/strong> educatrice cinofila AiCS<\/p>\n<p><strong><span style=\"text-decoration: underline;\">Selena Doncovio<\/span>:<\/strong> educatrice cinofila AiCS \/ dog sitter qualificata AiCS<\/p>\n<p><strong><span style=\"text-decoration: underline;\">Lorella Di Massa<\/span>:<\/strong> educatrice cinofila AiCS<\/p>\n<p style=\"text-align: center;\">**********<\/p>\n<p><strong>Tecnici Collaboratori Esterni<\/strong><\/p>\n<p>GIUSEPPE SOLLO \u2013 Grosseto: tecnico istruttore cinofilo dell\u2019Esercito Italiano. Istruttore brevettato AiCS e specializzato nella disciplina di utilit\u00e0 e difesa presso il centro cinofilo Dog Valley AiCS. <strong>Da Gennaio 2025, responsabile del Settore Nazionale Cinofilia AiCS<\/strong><\/p>\n<p>ISABELLA CARDEA \u2013 Roma: Educatrice Cinofila AiCS e terapeuta cognitivo comportamentale, socia di Newfoundly Aics e responsabile gestione eventi di Caniditerranova.com<\/p>\n<p>RICCARDO MEZZETTI \u2013 Roma: Educatore Cinofilo AiCS e socio di Newfoundly AiCS<\/p>\n<p>SABINA ZAPPALA\u2019 \u2013 Asti: Educatrice cinofila AiCS certificata ISO\/IEC 17024, presidente del Campo Cinofilo Skipper AiCS ed operatice in IAA (pet therapy). <strong>Da Gennaio 2025, responsabile Mantrailing del Settore Nazionale Cinofilia AiCS<\/strong><\/p>\n<p>D.SSA BEATRICE IOTTI &#8211; Milano: Laureata in tecniche di allevamento e benessere animale, educatrice cinofila AiCS<\/p>\n<p style=\"text-align: center;\">*******<\/p>\n<p><strong>ALTRI COLLABORATORI<\/strong><\/p>\n<p>OIPA \u2013 Sez.ne Provincia di Grosseto: Scopo dell\u2019OIPA \u00e8 la tutela e la valorizzazione della natura e dell\u2019ambiente, l\u2019abolizione della vivisezione nei vari paesi del mondo e la difesa degli animali da qualsiasi forma di maltrattamento<\/p>\n<p>Ambulatorio Veterinario Fanetti-Medino: Bagno di Gavorrano (GR)<\/p>\n<p>Ambulatorio Veterinario Paola Rossi \/ Sara Schiano: Bagno di Gavorrano<\/p>\n","protected":false},"excerpt":{"rendered":"<p>Alessandro Semplici: Presidente dell\u2019associazione, \u00e8 istruttore brevettato AiCS Cinofilia.\u00a0 In passato \u00e8 stato pi\u00f9 volte responsabile responsabile provinciale del settore cinofilia del Comitato Prov.le AiCS di Grosseto in cui, da Ottobre 2020 a Dicembre 2024, ha ricoperto la carica di Vice Presidente. Nel Gennaio 2025 \u00e8 stato eletto Presidente del suddetto comitato. E\u2019 iscritto all\u2019Albo [&hellip;]<\/p>\n","protected":false},"author":1,"featured_media":0,"parent":0,"menu_order":0,"comment_status":"closed","ping_status":"closed","template":"","meta":{"jetpack_post_was_ever_published":false,"footnotes":""},"class_list":["post-11","page","type-page","status-publish","hentry","clearfix"],"jetpack_sharing_enabled":true,"jetpack_shortlink":"https:\/\/wp.me\/P7McOc-b","jetpack-related-posts":[],"_links":{"self":[{"href":"https:\/\/www.newfoundly.it\/centro_cinofilo\/wp-json\/wp\/v2\/pages\/11","targetHints":{"allow":["GET"]}}],"collection":[{"href":"https:\/\/www.newfoundly.it\/centro_cinofilo\/wp-json\/wp\/v2\/pages"}],"about":[{"href":"https:\/\/www.newfoundly.it\/centro_cinofilo\/wp-json\/wp\/v2\/types\/page"}],"author":[{"embeddable":true,"href":"https:\/\/www.newfoundly.it\/centro_cinofilo\/wp-json\/wp\/v2\/users\/1"}],"replies":[{"embeddable":true,"href":"https:\/\/www.newfoundly.it\/centro_cinofilo\/wp-json\/wp\/v2\/comments?post=11"}],"version-history":[{"count":26,"href":"https:\/\/www.newfoundly.it\/centro_cinofilo\/wp-json\/wp\/v2\/pages\/11\/revisions"}],"predecessor-version":[{"id":1651,"href":"https:\/\/www.newfoundly.it\/centro_cinofilo\/wp-json\/wp\/v2\/pages\/11\/revisions\/1651"}],"wp:attachment":[{"href":"https:\/\/www.newfoundly.it\/centro_cinofilo\/wp-json\/wp\/v2\/media?parent=11"}],"curies":[{"name":"wp","href":"https:\/\/api.w.org\/{rel}","templated":true}]}}