{"id":1673,"date":"2026-05-05T07:35:50","date_gmt":"2026-05-05T07:35:50","guid":{"rendered":"https:\/\/www.newfoundly.it\/centro_cinofilo\/?page_id=1673"},"modified":"2026-05-05T07:58:09","modified_gmt":"2026-05-05T07:58:09","slug":"cinofilia-sportiva-le-attivita","status":"publish","type":"page","link":"https:\/\/www.newfoundly.it\/centro_cinofilo\/cinofilia-sportiva-le-attivita\/","title":{"rendered":"Cinofilia Sportiva &#8211; le attivit\u00e0"},"content":{"rendered":"<p style=\"text-align: center;\"><a href=\"https:\/\/www.newfoundly.it\/centro_cinofilo\/wp-content\/uploads\/2026\/04\/IMG-20260425-WA0063.jpg\"><img loading=\"lazy\" decoding=\"async\" data-attachment-id=\"1665\" data-permalink=\"https:\/\/www.newfoundly.it\/centro_cinofilo\/2026\/04\/27\/newfoundly-tra-il-protagonisti-del-game-fair-2026\/img-20260425-wa0063\/\" data-orig-file=\"https:\/\/www.newfoundly.it\/centro_cinofilo\/wp-content\/uploads\/2026\/04\/IMG-20260425-WA0063.jpg\" data-orig-size=\"1600,1200\" data-comments-opened=\"0\" data-image-meta=\"{&quot;aperture&quot;:&quot;0&quot;,&quot;credit&quot;:&quot;&quot;,&quot;camera&quot;:&quot;&quot;,&quot;caption&quot;:&quot;&quot;,&quot;created_timestamp&quot;:&quot;0&quot;,&quot;copyright&quot;:&quot;&quot;,&quot;focal_length&quot;:&quot;0&quot;,&quot;iso&quot;:&quot;0&quot;,&quot;shutter_speed&quot;:&quot;0&quot;,&quot;title&quot;:&quot;&quot;,&quot;orientation&quot;:&quot;0&quot;}\" data-image-title=\"IMG-20260425-WA0063\" data-image-description=\"\" data-image-caption=\"\" data-medium-file=\"https:\/\/www.newfoundly.it\/centro_cinofilo\/wp-content\/uploads\/2026\/04\/IMG-20260425-WA0063-300x225.jpg\" data-large-file=\"https:\/\/www.newfoundly.it\/centro_cinofilo\/wp-content\/uploads\/2026\/04\/IMG-20260425-WA0063-1024x768.jpg\" class=\"aligncenter wp-image-1665 size-large\" src=\"https:\/\/www.newfoundly.it\/centro_cinofilo\/wp-content\/uploads\/2026\/04\/IMG-20260425-WA0063-1024x768.jpg\" alt=\"\" width=\"960\" height=\"720\" srcset=\"https:\/\/www.newfoundly.it\/centro_cinofilo\/wp-content\/uploads\/2026\/04\/IMG-20260425-WA0063-1024x768.jpg 1024w, https:\/\/www.newfoundly.it\/centro_cinofilo\/wp-content\/uploads\/2026\/04\/IMG-20260425-WA0063-300x225.jpg 300w, https:\/\/www.newfoundly.it\/centro_cinofilo\/wp-content\/uploads\/2026\/04\/IMG-20260425-WA0063-768x576.jpg 768w, https:\/\/www.newfoundly.it\/centro_cinofilo\/wp-content\/uploads\/2026\/04\/IMG-20260425-WA0063-1536x1152.jpg 1536w, https:\/\/www.newfoundly.it\/centro_cinofilo\/wp-content\/uploads\/2026\/04\/IMG-20260425-WA0063-200x150.jpg 200w, https:\/\/www.newfoundly.it\/centro_cinofilo\/wp-content\/uploads\/2026\/04\/IMG-20260425-WA0063.jpg 1600w\" sizes=\"auto, (max-width: 960px) 100vw, 960px\" \/><\/a><\/p>\n<p>Nel nostro centro cinofilo lo sport non \u00e8 solo attivit\u00e0 fisica: \u00e8 relazione, crescita e divertimento condiviso tra cane e proprietario. I nostri corsi sportivi sono progettati per sviluppare competenze specifiche, migliorare la comunicazione e offrire esperienze coinvolgenti, adatte sia a chi si avvicina per la prima volta sia a chi desidera intraprendere un percorso pi\u00f9 avanzato.<\/p>\n<p><strong><a href=\"https:\/\/www.newfoundly.it\/centro_cinofilo\/wp-content\/uploads\/2026\/01\/A-New-Design_1767702977307.jpg\"><img loading=\"lazy\" decoding=\"async\" data-attachment-id=\"1593\" data-permalink=\"https:\/\/www.newfoundly.it\/centro_cinofilo\/2026\/01\/06\/3-4-5-gennaio-un-successo-lo-stage-di-mantrailing\/a-new-design_1767702977307\/\" data-orig-file=\"https:\/\/www.newfoundly.it\/centro_cinofilo\/wp-content\/uploads\/2026\/01\/A-New-Design_1767702977307.jpg\" data-orig-size=\"1080,1080\" data-comments-opened=\"0\" data-image-meta=\"{&quot;aperture&quot;:&quot;0&quot;,&quot;credit&quot;:&quot;&quot;,&quot;camera&quot;:&quot;&quot;,&quot;caption&quot;:&quot;&quot;,&quot;created_timestamp&quot;:&quot;0&quot;,&quot;copyright&quot;:&quot;&quot;,&quot;focal_length&quot;:&quot;0&quot;,&quot;iso&quot;:&quot;0&quot;,&quot;shutter_speed&quot;:&quot;0&quot;,&quot;title&quot;:&quot;&quot;,&quot;orientation&quot;:&quot;0&quot;}\" data-image-title=\"A New Design_1767702977307\" data-image-description=\"\" data-image-caption=\"\" data-medium-file=\"https:\/\/www.newfoundly.it\/centro_cinofilo\/wp-content\/uploads\/2026\/01\/A-New-Design_1767702977307-300x300.jpg\" data-large-file=\"https:\/\/www.newfoundly.it\/centro_cinofilo\/wp-content\/uploads\/2026\/01\/A-New-Design_1767702977307-1024x1024.jpg\" class=\"alignleft wp-image-1593 size-thumbnail\" src=\"https:\/\/www.newfoundly.it\/centro_cinofilo\/wp-content\/uploads\/2026\/01\/A-New-Design_1767702977307-150x150.jpg\" alt=\"\" width=\"150\" height=\"150\" srcset=\"https:\/\/www.newfoundly.it\/centro_cinofilo\/wp-content\/uploads\/2026\/01\/A-New-Design_1767702977307-150x150.jpg 150w, https:\/\/www.newfoundly.it\/centro_cinofilo\/wp-content\/uploads\/2026\/01\/A-New-Design_1767702977307-300x300.jpg 300w, https:\/\/www.newfoundly.it\/centro_cinofilo\/wp-content\/uploads\/2026\/01\/A-New-Design_1767702977307-1024x1024.jpg 1024w, https:\/\/www.newfoundly.it\/centro_cinofilo\/wp-content\/uploads\/2026\/01\/A-New-Design_1767702977307-768x768.jpg 768w, https:\/\/www.newfoundly.it\/centro_cinofilo\/wp-content\/uploads\/2026\/01\/A-New-Design_1767702977307-200x200.jpg 200w, https:\/\/www.newfoundly.it\/centro_cinofilo\/wp-content\/uploads\/2026\/01\/A-New-Design_1767702977307.jpg 1080w\" sizes=\"auto, (max-width: 150px) 100vw, 150px\" \/><\/a>Mantrailing<\/strong><br \/>\nDisciplina di ricerca olfattiva in cui il cane segue la traccia lasciata da una persona, distinguendola tra molte altre presenti nell\u2019ambiente. Il lavoro si basa sull\u2019olfatto straordinario del cane, che viene guidato a sviluppare concentrazione, autonomia e capacit\u00e0 decisionali. Il conduttore impara a leggere i segnali del proprio cane e a supportarlo nel lavoro, creando una forte collaborazione. \u00c8 un\u2019attivit\u00e0 appagante e mentale, adatta a tutte le razze.<\/p>\n<p><strong><a href=\"https:\/\/www.newfoundly.it\/centro_cinofilo\/wp-content\/uploads\/2026\/03\/IMG-20260328-WA0004.jpg\"><img loading=\"lazy\" decoding=\"async\" data-attachment-id=\"1643\" data-permalink=\"https:\/\/www.newfoundly.it\/centro_cinofilo\/2026\/03\/30\/ottimi-risultati-al-trofeo-nazionale-multidisciplinare-aics-cinofilo\/img-20260328-wa0004\/\" data-orig-file=\"https:\/\/www.newfoundly.it\/centro_cinofilo\/wp-content\/uploads\/2026\/03\/IMG-20260328-WA0004.jpg\" data-orig-size=\"1180,1600\" data-comments-opened=\"0\" data-image-meta=\"{&quot;aperture&quot;:&quot;0&quot;,&quot;credit&quot;:&quot;&quot;,&quot;camera&quot;:&quot;&quot;,&quot;caption&quot;:&quot;&quot;,&quot;created_timestamp&quot;:&quot;0&quot;,&quot;copyright&quot;:&quot;&quot;,&quot;focal_length&quot;:&quot;0&quot;,&quot;iso&quot;:&quot;0&quot;,&quot;shutter_speed&quot;:&quot;0&quot;,&quot;title&quot;:&quot;&quot;,&quot;orientation&quot;:&quot;0&quot;}\" data-image-title=\"IMG-20260328-WA0004\" data-image-description=\"\" data-image-caption=\"\" data-medium-file=\"https:\/\/www.newfoundly.it\/centro_cinofilo\/wp-content\/uploads\/2026\/03\/IMG-20260328-WA0004-221x300.jpg\" data-large-file=\"https:\/\/www.newfoundly.it\/centro_cinofilo\/wp-content\/uploads\/2026\/03\/IMG-20260328-WA0004-755x1024.jpg\" class=\"alignright size-thumbnail wp-image-1643\" src=\"https:\/\/www.newfoundly.it\/centro_cinofilo\/wp-content\/uploads\/2026\/03\/IMG-20260328-WA0004-150x150.jpg\" alt=\"\" width=\"150\" height=\"150\" \/><\/a>Rally Obedience<\/strong><br \/>\nUna disciplina dinamica che unisce esercizi di obbedienza a un percorso strutturato in stazioni, ciascuna con indicazioni specifiche. Cane e conduttore si muovono insieme in modo fluido, affrontando esercizi come cambi di direzione, posizioni e condotte. L\u2019obiettivo \u00e8 lavorare con precisione ma anche con entusiasmo, valorizzando la comunicazione positiva e il gioco. Ideale per migliorare controllo, attenzione e sintonia.<\/p>\n<p><strong><a href=\"https:\/\/www.newfoundly.it\/centro_cinofilo\/wp-content\/uploads\/2026\/05\/649077031_10242436886084149_8189286268444542192_n.jpg\"><img loading=\"lazy\" decoding=\"async\" data-attachment-id=\"1676\" data-permalink=\"https:\/\/www.newfoundly.it\/centro_cinofilo\/cinofilia-sportiva-le-attivita\/649077031_10242436886084149_8189286268444542192_n\/\" data-orig-file=\"https:\/\/www.newfoundly.it\/centro_cinofilo\/wp-content\/uploads\/2026\/05\/649077031_10242436886084149_8189286268444542192_n.jpg\" data-orig-size=\"1024,768\" data-comments-opened=\"0\" data-image-meta=\"{&quot;aperture&quot;:&quot;0&quot;,&quot;credit&quot;:&quot;Picasa&quot;,&quot;camera&quot;:&quot;&quot;,&quot;caption&quot;:&quot;&quot;,&quot;created_timestamp&quot;:&quot;0&quot;,&quot;copyright&quot;:&quot;&quot;,&quot;focal_length&quot;:&quot;0&quot;,&quot;iso&quot;:&quot;0&quot;,&quot;shutter_speed&quot;:&quot;0&quot;,&quot;title&quot;:&quot;&quot;,&quot;orientation&quot;:&quot;0&quot;}\" data-image-title=\"649077031_10242436886084149_8189286268444542192_n\" data-image-description=\"\" data-image-caption=\"\" data-medium-file=\"https:\/\/www.newfoundly.it\/centro_cinofilo\/wp-content\/uploads\/2026\/05\/649077031_10242436886084149_8189286268444542192_n-300x225.jpg\" data-large-file=\"https:\/\/www.newfoundly.it\/centro_cinofilo\/wp-content\/uploads\/2026\/05\/649077031_10242436886084149_8189286268444542192_n.jpg\" class=\"alignright size-thumbnail wp-image-1676\" src=\"https:\/\/www.newfoundly.it\/centro_cinofilo\/wp-content\/uploads\/2026\/05\/649077031_10242436886084149_8189286268444542192_n-150x150.jpg\" alt=\"\" width=\"150\" height=\"150\" \/><\/a>Lavoro in acqua (salvataggio sportivo)<\/strong><br \/>\nAttivit\u00e0 completa che sfrutta l\u2019ambiente acquatico per sviluppare forza, resistenza e fiducia. Il cane viene guidato in esercizi di riporto in acqua, traino di oggetti o persone e gestione della distanza. Il lavoro si svolge sempre in sicurezza e nel rispetto dei tempi del cane, rendendolo adatto soprattutto a soggetti predisposti ma accessibile anche a chi vuole avvicinarsi gradualmente a questa disciplina.<\/p>\n<p><strong><a href=\"https:\/\/www.newfoundly.it\/centro_cinofilo\/wp-content\/uploads\/2026\/05\/nose-scent.png\"><img loading=\"lazy\" decoding=\"async\" data-attachment-id=\"1677\" data-permalink=\"https:\/\/www.newfoundly.it\/centro_cinofilo\/cinofilia-sportiva-le-attivita\/nose-scent\/\" data-orig-file=\"https:\/\/www.newfoundly.it\/centro_cinofilo\/wp-content\/uploads\/2026\/05\/nose-scent.png\" data-orig-size=\"1536,1024\" data-comments-opened=\"0\" data-image-meta=\"{&quot;aperture&quot;:&quot;0&quot;,&quot;credit&quot;:&quot;&quot;,&quot;camera&quot;:&quot;&quot;,&quot;caption&quot;:&quot;&quot;,&quot;created_timestamp&quot;:&quot;0&quot;,&quot;copyright&quot;:&quot;&quot;,&quot;focal_length&quot;:&quot;0&quot;,&quot;iso&quot;:&quot;0&quot;,&quot;shutter_speed&quot;:&quot;0&quot;,&quot;title&quot;:&quot;&quot;,&quot;orientation&quot;:&quot;0&quot;}\" data-image-title=\"nose scent\" data-image-description=\"\" data-image-caption=\"\" data-medium-file=\"https:\/\/www.newfoundly.it\/centro_cinofilo\/wp-content\/uploads\/2026\/05\/nose-scent-300x200.png\" data-large-file=\"https:\/\/www.newfoundly.it\/centro_cinofilo\/wp-content\/uploads\/2026\/05\/nose-scent-1024x683.png\" class=\"alignleft size-thumbnail wp-image-1677\" src=\"https:\/\/www.newfoundly.it\/centro_cinofilo\/wp-content\/uploads\/2026\/05\/nose-scent-150x150.png\" alt=\"\" width=\"150\" height=\"150\" \/><\/a>Nose Scent Game<\/strong><br \/>\nDisciplina basata sulla ricerca e discriminazione di odori specifici. Il cane impara a riconoscere una determinata essenza e a segnalarla in diversi contesti, anche complessi. Questo tipo di attivit\u00e0 stimola profondamente la mente, favorisce concentrazione e autocontrollo, ed \u00e8 particolarmente utile anche per cani sensibili o con bisogno di attivit\u00e0 cognitive. Il conduttore acquisisce competenze nella gestione del lavoro olfattivo e nella lettura del cane.<\/p>\n<p><strong>Dog SUP (Stand Up Paddle)<\/strong><br \/>\nUn\u2019attivit\u00e0 originale e coinvolgente che si svolge su tavola in acqua. Cane e conduttore imparano a trovare equilibrio e coo<a href=\"https:\/\/www.newfoundly.it\/centro_cinofilo\/wp-content\/uploads\/2025\/05\/1000109836-01.jpeg\"><img loading=\"lazy\" decoding=\"async\" data-attachment-id=\"1440\" data-permalink=\"https:\/\/www.newfoundly.it\/centro_cinofilo\/gallery\/1000109836-01\/\" data-orig-file=\"https:\/\/www.newfoundly.it\/centro_cinofilo\/wp-content\/uploads\/2025\/05\/1000109836-01.jpeg\" data-orig-size=\"748,530\" data-comments-opened=\"0\" data-image-meta=\"{&quot;aperture&quot;:&quot;0&quot;,&quot;credit&quot;:&quot;&quot;,&quot;camera&quot;:&quot;&quot;,&quot;caption&quot;:&quot;&quot;,&quot;created_timestamp&quot;:&quot;0&quot;,&quot;copyright&quot;:&quot;&quot;,&quot;focal_length&quot;:&quot;0&quot;,&quot;iso&quot;:&quot;0&quot;,&quot;shutter_speed&quot;:&quot;0&quot;,&quot;title&quot;:&quot;&quot;,&quot;orientation&quot;:&quot;1&quot;}\" data-image-title=\"1000109836-01\" data-image-description=\"\" data-image-caption=\"\" data-medium-file=\"https:\/\/www.newfoundly.it\/centro_cinofilo\/wp-content\/uploads\/2025\/05\/1000109836-01-300x213.jpeg\" data-large-file=\"https:\/\/www.newfoundly.it\/centro_cinofilo\/wp-content\/uploads\/2025\/05\/1000109836-01.jpeg\" class=\"alignright wp-image-1440 size-thumbnail\" src=\"https:\/\/www.newfoundly.it\/centro_cinofilo\/wp-content\/uploads\/2025\/05\/1000109836-01-150x150.jpeg\" alt=\"\" width=\"150\" height=\"150\" \/><\/a>rdinazione, costruendo fiducia reciproca in un ambiente nuovo. Oltre all\u2019aspetto ludico, il Dog SUP migliora la gestione del cane in situazioni diverse e rafforza il legame attraverso un\u2019esperienza condivisa e rilassante.<\/p>\n<p>&nbsp;<\/p>\n<p>&nbsp;<\/p>\n<p>Partecipando ai nostri corsi, \u00e8 possibile intraprendere un percorso sportivo strutturato che pu\u00f2 portare anche al livello agonistico, con la possibilit\u00e0 di prendere parte a gare e campionati organizzati dal settore nazionale AiCS Cinofilia.<\/p>\n","protected":false},"excerpt":{"rendered":"<p>Nel nostro centro cinofilo lo sport non \u00e8 solo attivit\u00e0 fisica: \u00e8 relazione, crescita e divertimento condiviso tra cane e proprietario. I nostri corsi sportivi sono progettati per sviluppare competenze specifiche, migliorare la comunicazione e offrire esperienze coinvolgenti, adatte sia a chi si avvicina per la prima volta sia a chi desidera intraprendere un percorso [&hellip;]<\/p>\n","protected":false},"author":1,"featured_media":0,"parent":0,"menu_order":0,"comment_status":"closed","ping_status":"closed","template":"","meta":{"jetpack_post_was_ever_published":false,"footnotes":""},"class_list":["post-1673","page","type-page","status-publish","hentry","clearfix"],"jetpack_sharing_enabled":true,"jetpack_shortlink":"https:\/\/wp.me\/P7McOc-qZ","jetpack-related-posts":[],"_links":{"self":[{"href":"https:\/\/www.newfoundly.it\/centro_cinofilo\/wp-json\/wp\/v2\/pages\/1673","targetHints":{"allow":["GET"]}}],"collection":[{"href":"https:\/\/www.newfoundly.it\/centro_cinofilo\/wp-json\/wp\/v2\/pages"}],"about":[{"href":"https:\/\/www.newfoundly.it\/centro_cinofilo\/wp-json\/wp\/v2\/types\/page"}],"author":[{"embeddable":true,"href":"https:\/\/www.newfoundly.it\/centro_cinofilo\/wp-json\/wp\/v2\/users\/1"}],"replies":[{"embeddable":true,"href":"https:\/\/www.newfoundly.it\/centro_cinofilo\/wp-json\/wp\/v2\/comments?post=1673"}],"version-history":[{"count":4,"href":"https:\/\/www.newfoundly.it\/centro_cinofilo\/wp-json\/wp\/v2\/pages\/1673\/revisions"}],"predecessor-version":[{"id":1679,"href":"https:\/\/www.newfoundly.it\/centro_cinofilo\/wp-json\/wp\/v2\/pages\/1673\/revisions\/1679"}],"wp:attachment":[{"href":"https:\/\/www.newfoundly.it\/centro_cinofilo\/wp-json\/wp\/v2\/media?parent=1673"}],"curies":[{"name":"wp","href":"https:\/\/api.w.org\/{rel}","templated":true}]}}