{"id":487,"date":"2020-11-01T18:59:22","date_gmt":"2020-11-01T18:59:22","guid":{"rendered":"http:\/\/www.newfoundly.it\/centro_cinofilo\/?page_id=487"},"modified":"2020-12-08T18:09:57","modified_gmt":"2020-12-08T18:09:57","slug":"consulenze-nutrizionali-per-cani-e-gatti","status":"publish","type":"page","link":"https:\/\/www.newfoundly.it\/centro_cinofilo\/consulenze-nutrizionali-per-cani-e-gatti\/","title":{"rendered":"Consulenze nutrizionali per cani e gatti"},"content":{"rendered":"<p style=\"text-align: center;\"><img loading=\"lazy\" decoding=\"async\" data-attachment-id=\"488\" data-permalink=\"https:\/\/www.newfoundly.it\/centro_cinofilo\/consulenze-nutrizionali-per-cani-e-gatti\/cat-dog-eating\/\" data-orig-file=\"https:\/\/www.newfoundly.it\/centro_cinofilo\/wp-content\/uploads\/2020\/11\/cat-dog-eating.jpg\" data-orig-size=\"600,382\" data-comments-opened=\"0\" data-image-meta=\"{&quot;aperture&quot;:&quot;0&quot;,&quot;credit&quot;:&quot;&quot;,&quot;camera&quot;:&quot;&quot;,&quot;caption&quot;:&quot;&quot;,&quot;created_timestamp&quot;:&quot;0&quot;,&quot;copyright&quot;:&quot;CHENDONGSHAN&quot;,&quot;focal_length&quot;:&quot;0&quot;,&quot;iso&quot;:&quot;0&quot;,&quot;shutter_speed&quot;:&quot;0&quot;,&quot;title&quot;:&quot;&quot;,&quot;orientation&quot;:&quot;0&quot;}\" data-image-title=\"cat-dog-eating\" data-image-description=\"\" data-image-caption=\"\" data-medium-file=\"https:\/\/www.newfoundly.it\/centro_cinofilo\/wp-content\/uploads\/2020\/11\/cat-dog-eating-300x191.jpg\" data-large-file=\"https:\/\/www.newfoundly.it\/centro_cinofilo\/wp-content\/uploads\/2020\/11\/cat-dog-eating.jpg\" class=\"aligncenter size-full wp-image-488\" src=\"https:\/\/www.newfoundly.it\/centro_cinofilo\/wp-content\/uploads\/2020\/11\/cat-dog-eating.jpg\" alt=\"\" width=\"600\" height=\"382\" srcset=\"https:\/\/www.newfoundly.it\/centro_cinofilo\/wp-content\/uploads\/2020\/11\/cat-dog-eating.jpg 600w, https:\/\/www.newfoundly.it\/centro_cinofilo\/wp-content\/uploads\/2020\/11\/cat-dog-eating-300x191.jpg 300w, https:\/\/www.newfoundly.it\/centro_cinofilo\/wp-content\/uploads\/2020\/11\/cat-dog-eating-200x127.jpg 200w\" sizes=\"auto, (max-width: 600px) 100vw, 600px\" \/><\/p>\n<p><strong>CONSULENZA NUTRIZIONALE DEL CANE E GATTO<\/strong><br \/>\nVolete avere una <strong>dieta personalizzata per il vostro cane o il vostro gatto<\/strong>?<\/p>\n<p>Uno dei nuovi servizi che il nostro centro cinofilo presta ai propri associati, \u00e8 quello di mettere a loro disposizione un <strong>tecnico specializzato in nutrizione veterinaria<\/strong> sia essa commerciale, a crudo (BARF), oppure casalinga.<\/p>\n<p><strong><img loading=\"lazy\" decoding=\"async\" data-attachment-id=\"495\" data-permalink=\"https:\/\/www.newfoundly.it\/centro_cinofilo\/2020\/11\/01\/consulenza-nutrizionali-per-cani-e-gatti\/bcs1\/\" data-orig-file=\"https:\/\/www.newfoundly.it\/centro_cinofilo\/wp-content\/uploads\/2020\/11\/bcs1.jpg\" data-orig-size=\"900,720\" data-comments-opened=\"0\" data-image-meta=\"{&quot;aperture&quot;:&quot;0&quot;,&quot;credit&quot;:&quot;&quot;,&quot;camera&quot;:&quot;&quot;,&quot;caption&quot;:&quot;&quot;,&quot;created_timestamp&quot;:&quot;0&quot;,&quot;copyright&quot;:&quot;&quot;,&quot;focal_length&quot;:&quot;0&quot;,&quot;iso&quot;:&quot;0&quot;,&quot;shutter_speed&quot;:&quot;0&quot;,&quot;title&quot;:&quot;&quot;,&quot;orientation&quot;:&quot;1&quot;}\" data-image-title=\"bcs1\" data-image-description=\"\" data-image-caption=\"\" data-medium-file=\"https:\/\/www.newfoundly.it\/centro_cinofilo\/wp-content\/uploads\/2020\/11\/bcs1-300x240.jpg\" data-large-file=\"https:\/\/www.newfoundly.it\/centro_cinofilo\/wp-content\/uploads\/2020\/11\/bcs1.jpg\" class=\"alignleft size-medium wp-image-495\" src=\"https:\/\/www.newfoundly.it\/centro_cinofilo\/wp-content\/uploads\/2020\/11\/bcs1-300x240.jpg\" alt=\"\" width=\"300\" height=\"240\" srcset=\"https:\/\/www.newfoundly.it\/centro_cinofilo\/wp-content\/uploads\/2020\/11\/bcs1-300x240.jpg 300w, https:\/\/www.newfoundly.it\/centro_cinofilo\/wp-content\/uploads\/2020\/11\/bcs1-768x614.jpg 768w, https:\/\/www.newfoundly.it\/centro_cinofilo\/wp-content\/uploads\/2020\/11\/bcs1-200x160.jpg 200w, https:\/\/www.newfoundly.it\/centro_cinofilo\/wp-content\/uploads\/2020\/11\/bcs1.jpg 900w\" sizes=\"auto, (max-width: 300px) 100vw, 300px\" \/>QUANTO CIBO SERVE AL VOSTRO CANE?<\/strong><br \/>\nOggigiorno i cani dovrebbero essere nutriti con una dieta adeguata che fornisca tutti i nutrienti essenziali, nelle quantit\u00e0 e nelle proporzioni corrette, al fine di mantenere la salute durante tutte le fasi della loro vita.<br \/>\nUna corretta alimentazione contribuisce anche alla sua salute a lungo termine, alla sua vitalit\u00e0 e alla sua longevit\u00e0.<br \/>\nOltre al fattore nutrizionale legato strettamente ad et\u00e0, razza, fisiologia e stile di vita, dobbiamo anche tenere conto dell&#8217;obesit\u00e0, ossia il pi\u00f9 importante disturbo nutrizionale nei cani e nei gatti. Recenti studi infatti, ci suggeriscono che circa il 50% dei cani e dei gatti che si sono stati portati nelle cliniche veterinarie \u00e8 in sovrappeso. Si ritiene che l&#8217;incidenza dell&#8217;obesit\u00e0 sia aumentata soprattutto poich\u00e9 uno stile di vita sedentario, per molti cani \u00e8 diventato la norma, piuttosto che l&#8217;eccezione. Inoltre l&#8217;apporto di cibi molto gustosi ed energetici contribuisce ad aumentare lo squilibrio energetico che porta lentamente all&#8217;obesit\u00e0.<\/p>\n<p><strong>A CHI E&#8217; RIVOLTA?<\/strong><br \/>\nLa nostra consulenza \u00e8 rivolta a tutti i nostri soci e ai loro familiari,\u00a0 proprietari di cani o gatti senza particolari problemi di salute e in ogni fase della loro vita.<\/p>\n<p style=\"text-align: center;\"><img loading=\"lazy\" decoding=\"async\" data-attachment-id=\"525\" data-permalink=\"https:\/\/www.newfoundly.it\/centro_cinofilo\/consulenze-nutrizionali-per-cani-e-gatti\/127766439_2478001649159797_2674593050295009388_o\/\" data-orig-file=\"https:\/\/www.newfoundly.it\/centro_cinofilo\/wp-content\/uploads\/2020\/12\/127766439_2478001649159797_2674593050295009388_o.jpg\" data-orig-size=\"1440,1080\" data-comments-opened=\"0\" data-image-meta=\"{&quot;aperture&quot;:&quot;0&quot;,&quot;credit&quot;:&quot;&quot;,&quot;camera&quot;:&quot;&quot;,&quot;caption&quot;:&quot;&quot;,&quot;created_timestamp&quot;:&quot;0&quot;,&quot;copyright&quot;:&quot;&quot;,&quot;focal_length&quot;:&quot;0&quot;,&quot;iso&quot;:&quot;0&quot;,&quot;shutter_speed&quot;:&quot;0&quot;,&quot;title&quot;:&quot;&quot;,&quot;orientation&quot;:&quot;0&quot;}\" data-image-title=\"diploma nutrizionista\" data-image-description=\"\" data-image-caption=\"\" data-medium-file=\"https:\/\/www.newfoundly.it\/centro_cinofilo\/wp-content\/uploads\/2020\/12\/127766439_2478001649159797_2674593050295009388_o-300x225.jpg\" data-large-file=\"https:\/\/www.newfoundly.it\/centro_cinofilo\/wp-content\/uploads\/2020\/12\/127766439_2478001649159797_2674593050295009388_o-1024x768.jpg\" class=\"aligncenter wp-image-525 size-large\" src=\"https:\/\/www.newfoundly.it\/centro_cinofilo\/wp-content\/uploads\/2020\/12\/127766439_2478001649159797_2674593050295009388_o-1024x768.jpg\" alt=\"\" width=\"960\" height=\"720\" srcset=\"https:\/\/www.newfoundly.it\/centro_cinofilo\/wp-content\/uploads\/2020\/12\/127766439_2478001649159797_2674593050295009388_o-1024x768.jpg 1024w, https:\/\/www.newfoundly.it\/centro_cinofilo\/wp-content\/uploads\/2020\/12\/127766439_2478001649159797_2674593050295009388_o-300x225.jpg 300w, https:\/\/www.newfoundly.it\/centro_cinofilo\/wp-content\/uploads\/2020\/12\/127766439_2478001649159797_2674593050295009388_o-768x576.jpg 768w, https:\/\/www.newfoundly.it\/centro_cinofilo\/wp-content\/uploads\/2020\/12\/127766439_2478001649159797_2674593050295009388_o-200x150.jpg 200w, https:\/\/www.newfoundly.it\/centro_cinofilo\/wp-content\/uploads\/2020\/12\/127766439_2478001649159797_2674593050295009388_o.jpg 1440w\" sizes=\"auto, (max-width: 960px) 100vw, 960px\" \/><\/p>\n<p><strong>COME FUNZIONA LA CONSULENZA?<\/strong><br \/>\nLe consulenze sono svolte presso il domicilio del nostro socio oppure presso il nostro centro cinofilo. Dopo un questionario conoscitivo sulle abitudini alimentari del cane e del suo stile di vita, tramite dei rigorosi calcoli scientifici sar\u00e0 possibile conoscere la corretta quantit\u00e0 di cibo da fornire al vostro cane.<br \/>\nInsieme al proprietario decideremo il tipo di alimentazione da seguire (commerciale, BARF o casalinga) in modo da calcolare correttamente i dosaggi e la formulazione dei vari pasti.<br \/>\nE&#8217; importante infatti che il proprietario comprenda come, anche attraverso l\u2019alimentazione, egli possa contribuire alla salute del proprio animale. Risulta dunque evidente la necessit\u00e0 di poter fornire al proprietario di un cane o di un gatto, chiare indicazioni sull\u2019alimentazione del proprio animale ricorrendo, in funzione delle esigenze, ad una dieta correttamente formulata.<\/p>\n<p><strong>COSA COMPRENDE LA CONSULENZA?<\/strong><\/p>\n<p>\u2022 Calcolare i reali fabbisogni energetici e proteici del cane e del gatto in funzione delle caratteristiche del soggetto;<\/p>\n<p>\u2022 Osservazione dello stato nutrizionale del cane (Body Condition Score) e del suo stato muscolare (Muscle Condition Score);<\/p>\n<p>\u2022 Imparare a leggere correttamente e valutare le tabelle nutrizionali degli alimenti commerciali (da banco, premium e superpremium);<\/p>\n<p>\u2022 Formare e informare i proprietari sulla corretta alimentazione del cane e del gatto.<\/p>\n<p>\u2022 Scegliere insieme al proprietario l\u2019alimentazione adeguata con preparazione del piano di razionamento;<\/p>\n<p style=\"text-align: center;\">**********<\/p>\n<p><em>NB: La consulenza pu\u00f2 essere richiesta solamente dai nostri associati. La consulenza, inoltre, non sostituisce la visita di un medico veterinario nel caso in cui l&#8217;animale presenti patologie di varia natura. Si invitano pertanto i proprietari di animali con patologie varie di rivolgersi al proprio veterinario per una visita accurata.\u00a0<\/em><\/p>\n<p>&nbsp;<\/p>\n","protected":false},"excerpt":{"rendered":"<p>CONSULENZA NUTRIZIONALE DEL CANE E GATTO Volete avere una dieta personalizzata per il vostro cane o il vostro gatto? Uno dei nuovi servizi che il nostro centro cinofilo presta ai propri associati, \u00e8 quello di mettere a loro disposizione un tecnico specializzato in nutrizione veterinaria sia essa commerciale, a crudo (BARF), oppure casalinga. QUANTO CIBO [&hellip;]<\/p>\n","protected":false},"author":1,"featured_media":0,"parent":0,"menu_order":0,"comment_status":"closed","ping_status":"closed","template":"","meta":{"jetpack_post_was_ever_published":false,"footnotes":""},"class_list":["post-487","page","type-page","status-publish","hentry","clearfix"],"jetpack_sharing_enabled":true,"jetpack_shortlink":"https:\/\/wp.me\/P7McOc-7R","jetpack-related-posts":[],"_links":{"self":[{"href":"https:\/\/www.newfoundly.it\/centro_cinofilo\/wp-json\/wp\/v2\/pages\/487","targetHints":{"allow":["GET"]}}],"collection":[{"href":"https:\/\/www.newfoundly.it\/centro_cinofilo\/wp-json\/wp\/v2\/pages"}],"about":[{"href":"https:\/\/www.newfoundly.it\/centro_cinofilo\/wp-json\/wp\/v2\/types\/page"}],"author":[{"embeddable":true,"href":"https:\/\/www.newfoundly.it\/centro_cinofilo\/wp-json\/wp\/v2\/users\/1"}],"replies":[{"embeddable":true,"href":"https:\/\/www.newfoundly.it\/centro_cinofilo\/wp-json\/wp\/v2\/comments?post=487"}],"version-history":[{"count":5,"href":"https:\/\/www.newfoundly.it\/centro_cinofilo\/wp-json\/wp\/v2\/pages\/487\/revisions"}],"predecessor-version":[{"id":528,"href":"https:\/\/www.newfoundly.it\/centro_cinofilo\/wp-json\/wp\/v2\/pages\/487\/revisions\/528"}],"wp:attachment":[{"href":"https:\/\/www.newfoundly.it\/centro_cinofilo\/wp-json\/wp\/v2\/media?parent=487"}],"curies":[{"name":"wp","href":"https:\/\/api.w.org\/{rel}","templated":true}]}}