{"id":6,"date":"2016-08-03T10:43:54","date_gmt":"2016-08-03T10:43:54","guid":{"rendered":"http:\/\/www.newfoundly.it\/centro_cinofilo\/?page_id=6"},"modified":"2025-09-03T20:37:42","modified_gmt":"2025-09-03T20:37:42","slug":"chi-siamo","status":"publish","type":"page","link":"https:\/\/www.newfoundly.it\/centro_cinofilo\/","title":{"rendered":"Chi siamo"},"content":{"rendered":"<p><strong><a href=\"https:\/\/www.newfoundly.it\/centro_cinofilo\/wp-content\/uploads\/2025\/09\/A-New-Design_1756714276143.jpg\"><img loading=\"lazy\" decoding=\"async\" data-attachment-id=\"1476\" data-permalink=\"https:\/\/www.newfoundly.it\/centro_cinofilo\/chi-siamo\/a-new-design_1756714276143\/\" data-orig-file=\"https:\/\/www.newfoundly.it\/centro_cinofilo\/wp-content\/uploads\/2025\/09\/A-New-Design_1756714276143.jpg\" data-orig-size=\"1080,1080\" data-comments-opened=\"0\" data-image-meta=\"{&quot;aperture&quot;:&quot;0&quot;,&quot;credit&quot;:&quot;&quot;,&quot;camera&quot;:&quot;&quot;,&quot;caption&quot;:&quot;&quot;,&quot;created_timestamp&quot;:&quot;0&quot;,&quot;copyright&quot;:&quot;&quot;,&quot;focal_length&quot;:&quot;0&quot;,&quot;iso&quot;:&quot;0&quot;,&quot;shutter_speed&quot;:&quot;0&quot;,&quot;title&quot;:&quot;&quot;,&quot;orientation&quot;:&quot;0&quot;}\" data-image-title=\"Logo2025\" data-image-description=\"\" data-image-caption=\"\" data-medium-file=\"https:\/\/www.newfoundly.it\/centro_cinofilo\/wp-content\/uploads\/2025\/09\/A-New-Design_1756714276143-300x300.jpg\" data-large-file=\"https:\/\/www.newfoundly.it\/centro_cinofilo\/wp-content\/uploads\/2025\/09\/A-New-Design_1756714276143-1024x1024.jpg\" class=\"alignleft size-thumbnail wp-image-1476\" src=\"https:\/\/www.newfoundly.it\/centro_cinofilo\/wp-content\/uploads\/2025\/09\/A-New-Design_1756714276143-150x150.jpg\" alt=\"\" width=\"150\" height=\"150\" srcset=\"https:\/\/www.newfoundly.it\/centro_cinofilo\/wp-content\/uploads\/2025\/09\/A-New-Design_1756714276143-150x150.jpg 150w, https:\/\/www.newfoundly.it\/centro_cinofilo\/wp-content\/uploads\/2025\/09\/A-New-Design_1756714276143-300x300.jpg 300w, https:\/\/www.newfoundly.it\/centro_cinofilo\/wp-content\/uploads\/2025\/09\/A-New-Design_1756714276143-1024x1024.jpg 1024w, https:\/\/www.newfoundly.it\/centro_cinofilo\/wp-content\/uploads\/2025\/09\/A-New-Design_1756714276143-768x768.jpg 768w, https:\/\/www.newfoundly.it\/centro_cinofilo\/wp-content\/uploads\/2025\/09\/A-New-Design_1756714276143-200x200.jpg 200w, https:\/\/www.newfoundly.it\/centro_cinofilo\/wp-content\/uploads\/2025\/09\/A-New-Design_1756714276143.jpg 1080w\" sizes=\"auto, (max-width: 150px) 100vw, 150px\" \/><\/a>Newfoundly \u2013 Centro Cinofilo Asd<\/strong>\u00a0nasce dall\u2019incontro di Persone, che vivendo esperienze diverse, hanno maturato il desiderio di offrire occasioni e percorsi volti a perseguire una situazione di benessere nel rapporto UOMO-CANE, attraverso la progettazione e la realizzazione di attivit\u00e0 laboratoriali, corsi e seminari affinch\u00e8 si possa sempre pi\u00f9 diffondere una <strong>CULTURA Cinofila a 360\u00b0<\/strong><\/p>\n<p>Nel 1998 abbiamo dato vita a Caniditerranova.com un progetto on line\u00a0 che \u00e8 diventato un vero punto di riferimento per tutti gli amanti della razza Terranova. Abbiamo da sempre voluto dare un\u2019informazione \u201cnon di parte\u201d, libera da schemi prefissati per andare i aiuto di tutti coloro volevano conoscere qualcosa di pi\u00f9 su questa meravigliosa razza.<\/p>\n<p>Nel Settembre del 2013, avendo acquisito sempre pi\u00f9 competenze tecniche nel campo della cinofilia, abbiamo deciso di ampliare questo progetto rivolgendo le nostre competenze non solo a chi vive con un terranova ma a tutti i cittadini che posseggono un\u00a0 amico a 4 zampe di qualsiasi razza o taglia.<\/p>\n<p><strong>Newfoundly AiCS si pone come fine prioritario, la diffusione del concetto che al centro di una buona relazione uomo-cane, ci deve essere sempre una vera e propria CULTURA CINOFILA<\/strong>.<\/p>\n<p>Soltanto conoscendo tutti gli aspetti cognitivo-comportamentali del proprio amico a 4 zampe, i proprietari potranno relazionarsi al meglio con lui.<\/p>\n<p>Newfoundly aderisce al Settore Nazionale Cinofilia dell\u2019AICS, riconosciuta dal CONI quale Ente Nazionale di Promozione Sportiva, dal Ministero dell\u2019Interno quale Ente con finalit\u00e0 assistenziali, dal Ministero del Lavoro quale Ente di Promozione Sociale e dal Ministero della Solidariet\u00e0 Sociale per l\u2019attivit\u00e0 a favore degli immigrati. E\u2019 convenzionata con il Ministero della Giustizia per le attivit\u00e0 di prevenzione del disagio giovanile e di reinserimento sociale. E\u2019 riconosciuta dal Dipartimento della Protezione Civile presso la Presidenza del Consiglio dei Ministri quale organizzazione di volontariato.<\/p>\n<p>A Marzo 2015, Newfoundly AiCS \u00e8 stato il primo centro cinofilo della Provincia di Grosseto conforme ai requisiti richiesti da FCC come centro di preparazione per educatori, addestratori, istruttori al fine di ottenere la certificazione delle loro competenze professionali. La necessit\u00e0 di certificare una professione \u00e8 data da quello che ormai la normativa europea richiede in termini di professionalit\u00e0. Parliamo di una legge, la 4\/2013 e di due norme: la norma ISO 17024 e la CWA 16979 Dog Training Professional<\/p>\n<p>FCC \u00e8 l\u2019unico Organismo di Certificazione in Italia e in Europa che certifica le competenze delle persone nel settore cinofilo in conformit\u00e0 alla norma ISO\/IEC 17024 \u201cConformity assessment- General requirements for bodies operating certification of Persons\u201d.<\/p>\n<p><img loading=\"lazy\" decoding=\"async\" data-attachment-id=\"14\" data-permalink=\"https:\/\/www.newfoundly.it\/centro_cinofilo\/chi-siamo\/carta-modena\/\" data-orig-file=\"https:\/\/www.newfoundly.it\/centro_cinofilo\/wp-content\/uploads\/2016\/08\/carta-modena.jpg\" data-orig-size=\"300,362\" data-comments-opened=\"1\" data-image-meta=\"{&quot;aperture&quot;:&quot;0&quot;,&quot;credit&quot;:&quot;&quot;,&quot;camera&quot;:&quot;&quot;,&quot;caption&quot;:&quot;&quot;,&quot;created_timestamp&quot;:&quot;0&quot;,&quot;copyright&quot;:&quot;&quot;,&quot;focal_length&quot;:&quot;0&quot;,&quot;iso&quot;:&quot;0&quot;,&quot;shutter_speed&quot;:&quot;0&quot;,&quot;title&quot;:&quot;&quot;,&quot;orientation&quot;:&quot;0&quot;}\" data-image-title=\"carta-modena\" data-image-description=\"\" data-image-caption=\"\" data-medium-file=\"https:\/\/www.newfoundly.it\/centro_cinofilo\/wp-content\/uploads\/2016\/08\/carta-modena-249x300.jpg\" data-large-file=\"https:\/\/www.newfoundly.it\/centro_cinofilo\/wp-content\/uploads\/2016\/08\/carta-modena.jpg\" class=\"alignleft wp-image-14\" src=\"https:\/\/www.newfoundly.it\/centro_cinofilo\/wp-content\/uploads\/2016\/08\/carta-modena-249x300.jpg\" alt=\"carta-modena\" width=\"149\" height=\"180\" srcset=\"https:\/\/www.newfoundly.it\/centro_cinofilo\/wp-content\/uploads\/2016\/08\/carta-modena-249x300.jpg 249w, https:\/\/www.newfoundly.it\/centro_cinofilo\/wp-content\/uploads\/2016\/08\/carta-modena.jpg 300w\" sizes=\"auto, (max-width: 149px) 100vw, 149px\" \/>Newfoundly ha aderito, tramite l\u2019AiCS, alla <strong>Carta dei Valori e dei Principi sulla Pet Relationship<\/strong> o Carta Modena 2002, promossa dalla Federazione Nazionale Ordine Veterinari Italiani (FNOVI) e da altri importanti enti di ricerca, con il patrocinio del Ministero della Salute. Carta Modena, realizzata nel 2002, \u00e8 una carta di valori e di principi che regolano l\u2019attivit\u00e0 di Pet therapy all\u2019interno di requisiti posti a tutela del fruitore, del benessere animale e della salvaguardia del registro relazionale. I progetti e i corsi formativi organizzati dalla nostra associazione nell\u2019ambito delle attivit\u00e0 e terapie assistite dagli animali, sono svolti nel rispetto dei principi sanciti dalla carta.<\/p>\n","protected":false},"excerpt":{"rendered":"<p>Newfoundly \u2013 Centro Cinofilo Asd\u00a0nasce dall\u2019incontro di Persone, che vivendo esperienze diverse, hanno maturato il desiderio di offrire occasioni e percorsi volti a perseguire una situazione di benessere nel rapporto UOMO-CANE, attraverso la progettazione e la realizzazione di attivit\u00e0 laboratoriali, corsi e seminari affinch\u00e8 si possa sempre pi\u00f9 diffondere una CULTURA Cinofila a 360\u00b0 Nel [&hellip;]<\/p>\n","protected":false},"author":1,"featured_media":0,"parent":0,"menu_order":0,"comment_status":"closed","ping_status":"closed","template":"","meta":{"jetpack_post_was_ever_published":false,"footnotes":""},"class_list":["post-6","page","type-page","status-publish","hentry","clearfix"],"jetpack_sharing_enabled":true,"jetpack_shortlink":"https:\/\/wp.me\/P7McOc-6","jetpack-related-posts":[],"_links":{"self":[{"href":"https:\/\/www.newfoundly.it\/centro_cinofilo\/wp-json\/wp\/v2\/pages\/6","targetHints":{"allow":["GET"]}}],"collection":[{"href":"https:\/\/www.newfoundly.it\/centro_cinofilo\/wp-json\/wp\/v2\/pages"}],"about":[{"href":"https:\/\/www.newfoundly.it\/centro_cinofilo\/wp-json\/wp\/v2\/types\/page"}],"author":[{"embeddable":true,"href":"https:\/\/www.newfoundly.it\/centro_cinofilo\/wp-json\/wp\/v2\/users\/1"}],"replies":[{"embeddable":true,"href":"https:\/\/www.newfoundly.it\/centro_cinofilo\/wp-json\/wp\/v2\/comments?post=6"}],"version-history":[{"count":10,"href":"https:\/\/www.newfoundly.it\/centro_cinofilo\/wp-json\/wp\/v2\/pages\/6\/revisions"}],"predecessor-version":[{"id":1479,"href":"https:\/\/www.newfoundly.it\/centro_cinofilo\/wp-json\/wp\/v2\/pages\/6\/revisions\/1479"}],"wp:attachment":[{"href":"https:\/\/www.newfoundly.it\/centro_cinofilo\/wp-json\/wp\/v2\/media?parent=6"}],"curies":[{"name":"wp","href":"https:\/\/api.w.org\/{rel}","templated":true}]}}